{"id":196,"date":"2025-12-02T21:13:28","date_gmt":"2025-12-02T21:13:28","guid":{"rendered":"https:\/\/carrera.df.uba.ar\/?page_id=196"},"modified":"2025-12-03T12:45:33","modified_gmt":"2025-12-03T12:45:33","slug":"quiero-cambiarme-de-plan-de-estudios","status":"publish","type":"page","link":"https:\/\/carrera.df.uba.ar\/?page_id=196","title":{"rendered":"Quiero cambiarme de Plan"},"content":{"rendered":"\n<p>Si sos <strong>estudiante de Ciencias F\u00edsicas en la Facultad de Ciencias Exactas y Naturales de la Universidad de Buenos Aires<\/strong><\/p>\n\n\n\n<p><a href=\"https:\/\/tramitesadistancia.uba.ar\/tramitesadistancia\/inicio-publico\">TR\u00c1MITES A DISTANCIA<\/a><\/p>\n\n\n\n<p>Tr\u00e1mite: Mesa de Entrada de la Facultad de Ciencias Exactas y Naturales <br>En &#8220;detalles del tr\u00e1mite&#8221; s\u00f3lo se necesita escribir: Solicito el cambio de plan de la carrera de Licenciatura en Ciencias F\u00edsicas y la equivalencia de materias.<\/p>\n\n\n\n<p>Si sos <strong>estudiante de otra carrera, otra facultad u otra universidad<\/strong>:<\/p>\n\n\n\n<p>\u00daltimas materias con final aprobado: Materias aprobadas por equivalencia <\/p>\n\n\n\n<p>Ten\u00e9 en cuenta: <br>&#8211; Los tr\u00e1mites demoran entre 3 y 4 meses<br>&#8211; Si sos un estudiante que ingres\u00f3 con un Ciclo B\u00e1sico Com\u00fan que no es el actual: An\u00e1lisis Matem\u00e1tico A, \u00c1lgebra, F\u00edsica, Qu\u00edmica, ICSE, IPC, es recomendable que adjuntes un certificado anal\u00edtico del CBC que pod\u00e9s obtener r\u00e1pidamente en:\u00a0<a href=\"javascript:void(window.open('\/horde\/imp\/dynamic.php?page=compose&amp;to=alumnos%40cbc.uba.ar&amp;popup=1%27,%27%27,%27width=820,height=610,status=1,scrollbars=yes,resizable=yes%27))\">alumnos@cbc.uba.ar<\/a><br>&#8211; Si ten\u00e9s finales pendientes, no van a ingresar dentro de las equivalencias que te otorguemos. En todo caso luego de aprobarlos necesitar\u00e1s hacer un pedido de equivalencia (no de cambio de plan) de la misma forma que se explic\u00f3 anteriormente.<br><\/p>\n\n\n\n<p><\/p>\n","protected":false},"excerpt":{"rendered":"<p>Si sos estudiante de Ciencias F\u00edsicas en la Facultad de Ciencias Exactas y Naturales de la Universidad de Buenos Aires [&hellip;]<\/p>\n","protected":false},"author":1,"featured_media":0,"parent":47,"menu_order":5,"comment_status":"closed","ping_status":"closed","template":"","meta":{"site-sidebar-layout":"default","site-content-layout":"","ast-site-content-layout":"default","site-content-style":"default","site-sidebar-style":"default","ast-global-header-display":"","ast-banner-title-visibility":"","ast-main-header-display":"","ast-hfb-above-header-display":"","ast-hfb-below-header-display":"","ast-hfb-mobile-header-display":"","site-post-title":"","ast-breadcrumbs-content":"","ast-featured-img":"","footer-sml-layout":"","ast-disable-related-posts":"","theme-transparent-header-meta":"","adv-header-id-meta":"","stick-header-meta":"","header-above-stick-meta":"","header-main-stick-meta":"","header-below-stick-meta":"","astra-migrate-meta-layouts":"default","ast-page-background-enabled":"default","ast-page-background-meta":{"desktop":{"background-color":"var(--ast-global-color-5)","background-image":"","background-repeat":"repeat","background-position":"center center","background-size":"auto","background-attachment":"scroll","background-type":"","background-media":"","overlay-type":"","overlay-color":"","overlay-opacity":"","overlay-gradient":""},"tablet":{"background-color":"","background-image":"","background-repeat":"repeat","background-position":"center center","background-size":"auto","background-attachment":"scroll","background-type":"","background-media":"","overlay-type":"","overlay-color":"","overlay-opacity":"","overlay-gradient":""},"mobile":{"background-color":"","background-image":"","background-repeat":"repeat","background-position":"center center","background-size":"auto","background-attachment":"scroll","background-type":"","background-media":"","overlay-type":"","overlay-color":"","overlay-opacity":"","overlay-gradient":""}},"ast-content-background-meta":{"desktop":{"background-color":"var(--ast-global-color-4)","background-image":"","background-repeat":"repeat","background-position":"center center","background-size":"auto","background-attachment":"scroll","background-type":"","background-media":"","overlay-type":"","overlay-color":"","overlay-opacity":"","overlay-gradient":""},"tablet":{"background-color":"var(--ast-global-color-4)","background-image":"","background-repeat":"repeat","background-position":"center center","background-size":"auto","background-attachment":"scroll","background-type":"","background-media":"","overlay-type":"","overlay-color":"","overlay-opacity":"","overlay-gradient":""},"mobile":{"background-color":"var(--ast-global-color-4)","background-image":"","background-repeat":"repeat","background-position":"center center","background-size":"auto","background-attachment":"scroll","background-type":"","background-media":"","overlay-type":"","overlay-color":"","overlay-opacity":"","overlay-gradient":""}},"footnotes":""},"class_list":["post-196","page","type-page","status-publish","hentry"],"_links":{"self":[{"href":"https:\/\/carrera.df.uba.ar\/index.php?rest_route=\/wp\/v2\/pages\/196","targetHints":{"allow":["GET"]}}],"collection":[{"href":"https:\/\/carrera.df.uba.ar\/index.php?rest_route=\/wp\/v2\/pages"}],"about":[{"href":"https:\/\/carrera.df.uba.ar\/index.php?rest_route=\/wp\/v2\/types\/page"}],"author":[{"embeddable":true,"href":"https:\/\/carrera.df.uba.ar\/index.php?rest_route=\/wp\/v2\/users\/1"}],"replies":[{"embeddable":true,"href":"https:\/\/carrera.df.uba.ar\/index.php?rest_route=%2Fwp%2Fv2%2Fcomments&post=196"}],"version-history":[{"count":2,"href":"https:\/\/carrera.df.uba.ar\/index.php?rest_route=\/wp\/v2\/pages\/196\/revisions"}],"predecessor-version":[{"id":202,"href":"https:\/\/carrera.df.uba.ar\/index.php?rest_route=\/wp\/v2\/pages\/196\/revisions\/202"}],"up":[{"embeddable":true,"href":"https:\/\/carrera.df.uba.ar\/index.php?rest_route=\/wp\/v2\/pages\/47"}],"wp:attachment":[{"href":"https:\/\/carrera.df.uba.ar\/index.php?rest_route=%2Fwp%2Fv2%2Fmedia&parent=196"}],"curies":[{"name":"wp","href":"https:\/\/api.w.org\/{rel}","templated":true}]}}