{"id":205,"date":"2025-12-03T12:44:13","date_gmt":"2025-12-03T12:44:13","guid":{"rendered":"https:\/\/carrera.df.uba.ar\/?page_id=205"},"modified":"2025-12-03T12:48:03","modified_gmt":"2025-12-03T12:48:03","slug":"cursada-sugerida","status":"publish","type":"page","link":"https:\/\/carrera.df.uba.ar\/?page_id=205","title":{"rendered":"Cursada sugerida"},"content":{"rendered":"\n<figure class=\"wp-block-table is-style-stripes\"><table class=\"has-fixed-layout\"><tbody><tr><td>CICLO <strong>CBC<\/strong><\/td><\/tr><tr><td><strong>A\u00f1o 1. Primer cuatrimestre<\/strong><\/td><\/tr><tr><td>Introducci\u00f3n al Pensamiento Cient\u00edfico<br>An\u00e1lisis Matem\u00e1tico<br>F\u00edsica&nbsp;<\/td><\/tr><tr><td>Horas semanales: 19. Horas totales: 304<br><br><strong>A\u00f1o 1. Segundo cuatrimestre<\/strong><\/td><\/tr><tr><td>Introducci\u00f3n al Conocimiento de la Sociedad y el Estado <br>\u00c1lgebra <br>Qu\u00edmica <\/td><\/tr><tr><td>Horas semanales: 19. Horas totales: 304<\/td><\/tr><\/tbody><\/table><\/figure>\n\n\n\n<p style=\"padding-right:var(--wp--preset--spacing--30);padding-left:var(--wp--preset--spacing--30)\"><\/p>\n\n\n\n<hr class=\"wp-block-separator has-alpha-channel-opacity\"\/>\n\n\n\n<figure class=\"wp-block-table is-style-stripes\"><table class=\"has-fixed-layout\"><tbody><tr><td>CICLO <strong>INICIAL<\/strong><\/td><\/tr><tr><td><strong>A\u00f1o 2. Primer cuatrimestre<\/strong><\/td><\/tr><tr><td>F\u00edsica 1 <br>Laboratorio 1 <br>An\u00e1lisis I <\/td><\/tr><tr><td>Horas semanales: 26. Horas totales: 416<br><br><strong>A\u00f1o 2. Segundo cuatrimestre<\/strong><\/td><\/tr><tr><td>F\u00edsica 2 <br>An\u00e1lisis II <br>Matem\u00e1tica Aplicada I\u00a0<\/td><\/tr><tr><td>Horas semanales: 26. Horas totales: 416<br><br><strong>A\u00f1o 3.  Primer cuatrimestre<\/strong><\/td><\/tr><tr><td>F\u00edsica 3 <br>Laboratorio 2 <br>An\u00e1lisis III<\/td><\/tr><tr><td>Horas semanales: 26 o 16. Horas totales: 416 o 256<br><br><strong>A\u00f1o 3.  Segundo cuatrimestre<\/strong><\/td><\/tr><tr><td>F\u00edsica 4 <br>Laboratorio 3 <br>Mec\u00e1nica Cl\u00e1sica<\/td><\/tr><tr><td>Horas semanales: 26 o 16. Horas totales: 416 o 256<\/td><\/tr><tr><td><strong>Bachiller universitario en Ciencias F\u00edsicas <\/strong><br>Horas semanales: 122. Horas totales: 1952<br><\/td><\/tr><\/tbody><\/table><\/figure>\n\n\n\n<p style=\"padding-right:var(--wp--preset--spacing--30);padding-left:var(--wp--preset--spacing--30)\"><\/p>\n\n\n\n<hr class=\"wp-block-separator has-alpha-channel-opacity\"\/>\n\n\n\n<figure class=\"wp-block-table is-style-stripes\"><table class=\"has-fixed-layout\"><tbody><tr><td class=\"has-text-align-left\" data-align=\"left\"><strong>CICLO AVANZADO<\/strong><\/td><\/tr><tr><td class=\"has-text-align-left\" data-align=\"left\"><strong>A\u00f1o 4. Primer cuatrimestre<\/strong><\/td><\/tr><tr><td class=\"has-text-align-left\" data-align=\"left\">Electrodin\u00e1mica\u00a0<br>Laboratorio 4<br>Matem\u00e1tica Aplicada II<\/td><\/tr><tr><td class=\"has-text-align-left\" data-align=\"left\">Horas semanales: 22. Horas totales: 352<br><br><strong>A\u00f1o 4. Segundo cuatrimestre<\/strong><\/td><\/tr><tr><td class=\"has-text-align-left\" data-align=\"left\">Mec\u00e1nica Cu\u00e1ntica\u00a0<br>Mec\u00e1nica Estad\u00edstica\u00a0<br>Laboratorio 5\u00a0 <br><br>*<em>Alternativamente, Mec\u00e1nica estad\u00edstica en el primer cuatrimestre del 5to a\u00f1o y cursar una Electiva u Optativa<\/em><\/td><\/tr><tr><td class=\"has-text-align-left\" data-align=\"left\">Horas semanales: 26. Horas totales: 416<br><br><strong>A\u00f1o 5. Primer cuatrimestre<\/strong><\/td><\/tr><tr><td class=\"has-text-align-left\" data-align=\"left\">Laboratorio 6\u00a0<br>EO1\u00a0<br>EO2\u00a0<\/td><\/tr><tr><td class=\"has-text-align-left\" data-align=\"left\">Horas semanales: 22. Horas totales: 352<br><br><strong>A\u00f1o 5. Segundo cuatrimestre<\/strong><\/td><\/tr><tr><td class=\"has-text-align-left\" data-align=\"left\">Tesis de Licenciatura\u00a0<br>EO3\u00a0<\/td><\/tr><tr><td class=\"has-text-align-left\" data-align=\"left\">Horas semanales: 26. Horas totales: 256<br><br><strong>A\u00f1o 6. Primer cuatrimestre<\/strong><\/td><\/tr><tr><td class=\"has-text-align-left\" data-align=\"left\">Tesis de Licenciatura\u00a0<br>EO4<\/td><\/tr><tr><td class=\"has-text-align-left\" data-align=\"left\">Horas semanales: 26. Horas totales: 256<br><\/td><\/tr><tr><td class=\"has-text-align-left\" data-align=\"left\"><strong>Licenciado\/a en Ciencias F\u00edsicas\u00a0<\/strong><br>Horas semanales: 244. Horas totales: 3904<br><\/td><\/tr><\/tbody><\/table><\/figure>\n\n\n\n<hr class=\"wp-block-separator has-alpha-channel-opacity\"\/>\n","protected":false},"excerpt":{"rendered":"<p>CICLO CBC A\u00f1o 1. Primer cuatrimestre Introducci\u00f3n al Pensamiento Cient\u00edficoAn\u00e1lisis Matem\u00e1ticoF\u00edsica&nbsp; Horas semanales: 19. Horas totales: 304 A\u00f1o 1. Segundo [&hellip;]<\/p>\n","protected":false},"author":1,"featured_media":0,"parent":47,"menu_order":4,"comment_status":"closed","ping_status":"closed","template":"","meta":{"site-sidebar-layout":"default","site-content-layout":"","ast-site-content-layout":"default","site-content-style":"default","site-sidebar-style":"default","ast-global-header-display":"","ast-banner-title-visibility":"","ast-main-header-display":"","ast-hfb-above-header-display":"","ast-hfb-below-header-display":"","ast-hfb-mobile-header-display":"","site-post-title":"","ast-breadcrumbs-content":"","ast-featured-img":"","footer-sml-layout":"","ast-disable-related-posts":"","theme-transparent-header-meta":"","adv-header-id-meta":"","stick-header-meta":"","header-above-stick-meta":"","header-main-stick-meta":"","header-below-stick-meta":"","astra-migrate-meta-layouts":"default","ast-page-background-enabled":"default","ast-page-background-meta":{"desktop":{"background-color":"var(--ast-global-color-5)","background-image":"","background-repeat":"repeat","background-position":"center center","background-size":"auto","background-attachment":"scroll","background-type":"","background-media":"","overlay-type":"","overlay-color":"","overlay-opacity":"","overlay-gradient":""},"tablet":{"background-color":"","background-image":"","background-repeat":"repeat","background-position":"center center","background-size":"auto","background-attachment":"scroll","background-type":"","background-media":"","overlay-type":"","overlay-color":"","overlay-opacity":"","overlay-gradient":""},"mobile":{"background-color":"","background-image":"","background-repeat":"repeat","background-position":"center center","background-size":"auto","background-attachment":"scroll","background-type":"","background-media":"","overlay-type":"","overlay-color":"","overlay-opacity":"","overlay-gradient":""}},"ast-content-background-meta":{"desktop":{"background-color":"var(--ast-global-color-4)","background-image":"","background-repeat":"repeat","background-position":"center center","background-size":"auto","background-attachment":"scroll","background-type":"","background-media":"","overlay-type":"","overlay-color":"","overlay-opacity":"","overlay-gradient":""},"tablet":{"background-color":"var(--ast-global-color-4)","background-image":"","background-repeat":"repeat","background-position":"center center","background-size":"auto","background-attachment":"scroll","background-type":"","background-media":"","overlay-type":"","overlay-color":"","overlay-opacity":"","overlay-gradient":""},"mobile":{"background-color":"var(--ast-global-color-4)","background-image":"","background-repeat":"repeat","background-position":"center center","background-size":"auto","background-attachment":"scroll","background-type":"","background-media":"","overlay-type":"","overlay-color":"","overlay-opacity":"","overlay-gradient":""}},"footnotes":""},"class_list":["post-205","page","type-page","status-publish","hentry"],"_links":{"self":[{"href":"https:\/\/carrera.df.uba.ar\/index.php?rest_route=\/wp\/v2\/pages\/205","targetHints":{"allow":["GET"]}}],"collection":[{"href":"https:\/\/carrera.df.uba.ar\/index.php?rest_route=\/wp\/v2\/pages"}],"about":[{"href":"https:\/\/carrera.df.uba.ar\/index.php?rest_route=\/wp\/v2\/types\/page"}],"author":[{"embeddable":true,"href":"https:\/\/carrera.df.uba.ar\/index.php?rest_route=\/wp\/v2\/users\/1"}],"replies":[{"embeddable":true,"href":"https:\/\/carrera.df.uba.ar\/index.php?rest_route=%2Fwp%2Fv2%2Fcomments&post=205"}],"version-history":[{"count":17,"href":"https:\/\/carrera.df.uba.ar\/index.php?rest_route=\/wp\/v2\/pages\/205\/revisions"}],"predecessor-version":[{"id":222,"href":"https:\/\/carrera.df.uba.ar\/index.php?rest_route=\/wp\/v2\/pages\/205\/revisions\/222"}],"up":[{"embeddable":true,"href":"https:\/\/carrera.df.uba.ar\/index.php?rest_route=\/wp\/v2\/pages\/47"}],"wp:attachment":[{"href":"https:\/\/carrera.df.uba.ar\/index.php?rest_route=%2Fwp%2Fv2%2Fmedia&parent=205"}],"curies":[{"name":"wp","href":"https:\/\/api.w.org\/{rel}","templated":true}]}}