{"id":47,"date":"2025-10-14T17:11:26","date_gmt":"2025-10-14T17:11:26","guid":{"rendered":"https:\/\/carrera.df.uba.ar\/?page_id=47"},"modified":"2025-12-03T12:47:25","modified_gmt":"2025-12-03T12:47:25","slug":"licenciatura","status":"publish","type":"page","link":"https:\/\/carrera.df.uba.ar\/?page_id=47","title":{"rendered":"Licenciatura en Ciencias F\u00edsicas"},"content":{"rendered":"\n<p>El <strong>nuevo Plan de estudios<\/strong> de la carrera entrar\u00e1 en vigencia en 2026<\/p>\n\n\n\n<p>Duraci\u00f3n: cinco a\u00f1os y medio. Carga horaria total: 3904 horas. La carrera es presencial.<\/p>\n\n\n\n<h5 class=\"wp-block-heading has-text-align-center has-ast-global-color-4-color has-text-color has-background has-link-color has-medium-font-size wp-elements-9c3455fa443dbf100f9eb82d5202a4db\" style=\"border-style:none;border-width:0px;background:linear-gradient(0deg,rgba(6,147,227,1) 0%,rgb(155,81,224) 100%)\"><br><strong>CHARLA INFORMATIVA PARA ESTUDIANTES<\/strong><br><br>Mi\u00e9rcoles 3 de diciembre 14 h. Aula Magna, Pab. 1<br><\/h5>\n\n\n\n<div class=\"wp-block-columns is-layout-flex wp-container-core-columns-is-layout-28f84493 wp-block-columns-is-layout-flex\">\n<div class=\"wp-block-column is-layout-flow wp-block-column-is-layout-flow\">\n<figure class=\"wp-block-image size-large\"><img loading=\"lazy\" decoding=\"async\" width=\"1024\" height=\"1024\" src=\"https:\/\/carrera.df.uba.ar\/wp-content\/uploads\/2025\/10\/nuevo-plan-de-estudios2-1-1024x1024.jpeg\" alt=\"\" class=\"wp-image-165\" srcset=\"https:\/\/carrera.df.uba.ar\/wp-content\/uploads\/2025\/10\/nuevo-plan-de-estudios2-1-1024x1024.jpeg 1024w, https:\/\/carrera.df.uba.ar\/wp-content\/uploads\/2025\/10\/nuevo-plan-de-estudios2-1-300x300.jpeg 300w, https:\/\/carrera.df.uba.ar\/wp-content\/uploads\/2025\/10\/nuevo-plan-de-estudios2-1-150x150.jpeg 150w, https:\/\/carrera.df.uba.ar\/wp-content\/uploads\/2025\/10\/nuevo-plan-de-estudios2-1-768x768.jpeg 768w, https:\/\/carrera.df.uba.ar\/wp-content\/uploads\/2025\/10\/nuevo-plan-de-estudios2-1.jpeg 1080w\" sizes=\"auto, (max-width: 1024px) 100vw, 1024px\" \/><\/figure>\n<\/div>\n\n\n\n<div class=\"wp-block-column is-layout-flow wp-block-column-is-layout-flow\">\n<figure class=\"wp-block-image size-large\"><img loading=\"lazy\" decoding=\"async\" width=\"1024\" height=\"1024\" src=\"https:\/\/carrera.df.uba.ar\/wp-content\/uploads\/2025\/10\/nuevo-plan-de-estudios5-1024x1024.jpeg\" alt=\"\" class=\"wp-image-54\" srcset=\"https:\/\/carrera.df.uba.ar\/wp-content\/uploads\/2025\/10\/nuevo-plan-de-estudios5-1024x1024.jpeg 1024w, https:\/\/carrera.df.uba.ar\/wp-content\/uploads\/2025\/10\/nuevo-plan-de-estudios5-300x300.jpeg 300w, https:\/\/carrera.df.uba.ar\/wp-content\/uploads\/2025\/10\/nuevo-plan-de-estudios5-150x150.jpeg 150w, https:\/\/carrera.df.uba.ar\/wp-content\/uploads\/2025\/10\/nuevo-plan-de-estudios5-768x768.jpeg 768w, https:\/\/carrera.df.uba.ar\/wp-content\/uploads\/2025\/10\/nuevo-plan-de-estudios5.jpeg 1080w\" sizes=\"auto, (max-width: 1024px) 100vw, 1024px\" \/><\/figure>\n<\/div>\n\n\n\n<div class=\"wp-block-column is-layout-flow wp-block-column-is-layout-flow\">\n<figure class=\"wp-block-image size-large\"><img loading=\"lazy\" decoding=\"async\" width=\"1024\" height=\"1024\" src=\"https:\/\/carrera.df.uba.ar\/wp-content\/uploads\/2025\/10\/nuevo-plan-de-estudios4-1024x1024.jpeg\" alt=\"\" class=\"wp-image-53\" srcset=\"https:\/\/carrera.df.uba.ar\/wp-content\/uploads\/2025\/10\/nuevo-plan-de-estudios4-1024x1024.jpeg 1024w, https:\/\/carrera.df.uba.ar\/wp-content\/uploads\/2025\/10\/nuevo-plan-de-estudios4-300x300.jpeg 300w, https:\/\/carrera.df.uba.ar\/wp-content\/uploads\/2025\/10\/nuevo-plan-de-estudios4-150x150.jpeg 150w, https:\/\/carrera.df.uba.ar\/wp-content\/uploads\/2025\/10\/nuevo-plan-de-estudios4-768x768.jpeg 768w, https:\/\/carrera.df.uba.ar\/wp-content\/uploads\/2025\/10\/nuevo-plan-de-estudios4.jpeg 1080w\" sizes=\"auto, (max-width: 1024px) 100vw, 1024px\" \/><\/figure>\n<\/div>\n<\/div>\n\n\n\n<h3 class=\"wp-block-heading\">La F\u00edsica como carrera cient\u00edfica y profesional<\/h3>\n\n\n\n<p style=\"padding-right:var(--wp--preset--spacing--50);padding-left:var(--wp--preset--spacing--50)\">La <strong>f\u00edsica<\/strong> es una ciencia natural que estudia la materia y la energ\u00eda, reduciendo la explicaci\u00f3n del fen\u00f3meno observado a las leyes m\u00e1s fundamentales y sencillas posibles. Es una de las ciencias naturales m\u00e1s antiguas, y sirve de pilar conceptual para casi todas las dem\u00e1s ciencias naturales.<\/p>\n\n\n\n<p style=\"padding-right:var(--wp--preset--spacing--50);padding-left:var(--wp--preset--spacing--50)\">Los profesionales de la f\u00edsica dialogan con la naturaleza usando el m\u00e9todo experimental. Mediante el lenguaje preciso de las matem\u00e1ticas y la simulaci\u00f3n computacional elaboran y eval\u00faan modelos con los cuales construyen teor\u00edas que no solo explican lo observado, sino que tambi\u00e9n pueden predecir nuevos fen\u00f3menos. Esta interdependencia fuerte entre cuantificaci\u00f3n, modelado y predicci\u00f3n es el n\u00facleo del quehacer de la disciplina, y est\u00e1 presente en todo el plan de estudios. Los profesionales de la f\u00edsica estudian fen\u00f3menos que abarcan desde las interacciones fundamentales de la materia a escalas subat\u00f3micas, pasando por propiedades colectivas que se manifiestan en sistemas complejos de dimensiones humanas, hasta llegar a sistemas de magnitud extragal\u00e1ctica que conciernen al Universo en gran escala. Adem\u00e1s, por el rol que juega la f\u00edsica en las dem\u00e1s ciencias naturales, el profesional del \u00e1rea est\u00e1 facultado para trabajar en ramificaciones del conocimiento que se basan en aspectos espec\u00edficos tales como Astronom\u00eda, Astrof\u00edsica, Biof\u00edsica, Ciencia de Materiales, Fisicoqu\u00edmica, Geof\u00edsica, y \u00d3ptica y L\u00e1seres. <\/p>\n\n\n\n<p style=\"padding-right:var(--wp--preset--spacing--50);padding-left:var(--wp--preset--spacing--50)\">Finalmente, es muy importante la intervenci\u00f3n de los\/as profesionales de la f\u00edsica en \u00e1reas tecnol\u00f3gicas y aplicadas tales como An\u00e1lisis y modelado de datos, Aprendizaje autom\u00e1tico, Computaci\u00f3n y comunicaciones, Electr\u00f3nica y microelectr\u00f3nica, Energ\u00edas no convencionales, Finanzas y an\u00e1lisis estad\u00edstico, F\u00edsica m\u00e9dica, Flujo de informaci\u00f3n en redes, Metalurgia, Metrolog\u00eda (est\u00e1ndares y calibraciones), Neurociencias, Ondas de radio y microondas, y T\u00e9cnicas variacionales y de optimizaci\u00f3n.<\/p>\n\n\n\n<h3 class=\"wp-block-heading\" style=\"padding-right:0;padding-left:0\">Estructura curricular de la carrera<\/h3>\n\n\n\n<p style=\"padding-right:var(--wp--preset--spacing--50);padding-left:var(--wp--preset--spacing--50)\">Esta estructura permite una progresi\u00f3n gradual en la formaci\u00f3n del\/de la estudiante, desde la adquisici\u00f3n de herramientas generales hasta la especializaci\u00f3n en tem\u00e1ticas propias del campo disciplinar. El plan contempla tambi\u00e9n la posibilidad de obtener un t\u00edtulo intermedio &#8211; el de <strong>Bachiller Universitario\/a en Ciencias F\u00edsicas<\/strong> &#8211; al finalizar el Ciclo Inicial.<\/p>\n\n\n\n<div class=\"wp-block-columns is-layout-flex wp-container-core-columns-is-layout-28f84493 wp-block-columns-is-layout-flex\">\n<div class=\"wp-block-column is-layout-flow wp-block-column-is-layout-flow\">\n<figure class=\"wp-block-image size-large\"><a href=\"https:\/\/carrera.df.uba.ar\/?page_id=82\" target=\"_blank\" rel=\" noreferrer noopener\"><img loading=\"lazy\" decoding=\"async\" width=\"1024\" height=\"1024\" src=\"https:\/\/carrera.df.uba.ar\/wp-content\/uploads\/2025\/10\/cbc-1024x1024.jpeg\" alt=\"\" class=\"wp-image-76\" srcset=\"https:\/\/carrera.df.uba.ar\/wp-content\/uploads\/2025\/10\/cbc-1024x1024.jpeg 1024w, https:\/\/carrera.df.uba.ar\/wp-content\/uploads\/2025\/10\/cbc-300x300.jpeg 300w, https:\/\/carrera.df.uba.ar\/wp-content\/uploads\/2025\/10\/cbc-150x150.jpeg 150w, https:\/\/carrera.df.uba.ar\/wp-content\/uploads\/2025\/10\/cbc-768x768.jpeg 768w, https:\/\/carrera.df.uba.ar\/wp-content\/uploads\/2025\/10\/cbc.jpeg 1080w\" sizes=\"auto, (max-width: 1024px) 100vw, 1024px\" \/><\/a><\/figure>\n<\/div>\n\n\n\n<div class=\"wp-block-column is-layout-flow wp-block-column-is-layout-flow\">\n<figure class=\"wp-block-image size-large\"><a href=\"https:\/\/carrera.df.uba.ar\/?page_id=84\" target=\"_blank\" rel=\" noreferrer noopener\"><img loading=\"lazy\" decoding=\"async\" width=\"1024\" height=\"1024\" src=\"https:\/\/carrera.df.uba.ar\/wp-content\/uploads\/2025\/10\/inicial-1024x1024.jpeg\" alt=\"\" class=\"wp-image-79\" srcset=\"https:\/\/carrera.df.uba.ar\/wp-content\/uploads\/2025\/10\/inicial-1024x1024.jpeg 1024w, https:\/\/carrera.df.uba.ar\/wp-content\/uploads\/2025\/10\/inicial-300x300.jpeg 300w, https:\/\/carrera.df.uba.ar\/wp-content\/uploads\/2025\/10\/inicial-150x150.jpeg 150w, https:\/\/carrera.df.uba.ar\/wp-content\/uploads\/2025\/10\/inicial-768x768.jpeg 768w, https:\/\/carrera.df.uba.ar\/wp-content\/uploads\/2025\/10\/inicial.jpeg 1080w\" sizes=\"auto, (max-width: 1024px) 100vw, 1024px\" \/><\/a><\/figure>\n<\/div>\n\n\n\n<div class=\"wp-block-column is-layout-flow wp-block-column-is-layout-flow\">\n<figure class=\"wp-block-image size-large\"><a href=\"https:\/\/carrera.df.uba.ar\/?page_id=86\" target=\"_blank\" rel=\" noreferrer noopener\"><img loading=\"lazy\" decoding=\"async\" width=\"1024\" height=\"1024\" src=\"https:\/\/carrera.df.uba.ar\/wp-content\/uploads\/2025\/10\/avanzado-2-1024x1024.jpeg\" alt=\"\" class=\"wp-image-105\" srcset=\"https:\/\/carrera.df.uba.ar\/wp-content\/uploads\/2025\/10\/avanzado-2-1024x1024.jpeg 1024w, https:\/\/carrera.df.uba.ar\/wp-content\/uploads\/2025\/10\/avanzado-2-300x300.jpeg 300w, https:\/\/carrera.df.uba.ar\/wp-content\/uploads\/2025\/10\/avanzado-2-150x150.jpeg 150w, https:\/\/carrera.df.uba.ar\/wp-content\/uploads\/2025\/10\/avanzado-2-768x768.jpeg 768w, https:\/\/carrera.df.uba.ar\/wp-content\/uploads\/2025\/10\/avanzado-2.jpeg 1080w\" sizes=\"auto, (max-width: 1024px) 100vw, 1024px\" \/><\/a><\/figure>\n<\/div>\n<\/div>\n\n\n\n<h2 class=\"wp-block-heading\">Equivalencias <\/h2>\n\n\n\n<p>El presente plan de estudios tendr\u00e1 vigencia a partir del primer cuatrimestre del ciclo lectivo 2026.<\/p>\n\n\n\n<p>El plan anterior de la Licenciatura en Ciencias F\u00edsicas aprobado por Resoluci\u00f3n N\u00ba 1886\/87 del Consejo Superior de la Universidad de Buenos Aires y sus modificatorias, caducar\u00e1 en los ex\u00e1menes complementarios del ciclo lectivo 2033. Quienes no completen el plan en la fecha prevista, o quienes soliciten la incorporaci\u00f3n al nuevo plan, se les otorgar\u00e1 las equivalencias de sus materias seg\u00fan lo estipulado en el R\u00e9gimen de equivalencia entre planes de estudios que se detalla a continuaci\u00f3n.<\/p>\n\n\n\n<figure class=\"wp-block-table is-style-stripes has-small-font-size\"><table class=\"has-ast-global-color-5-background-color has-background has-fixed-layout\"><tbody><tr><td class=\"has-text-align-left\" data-align=\"left\"><strong>Plan de Estudios 1987<\/strong><\/td><td class=\"has-text-align-left\" data-align=\"left\"><strong>Plan Nuevo<\/strong><\/td><\/tr><tr><td class=\"has-text-align-left\" data-align=\"left\">Introducci\u00f3n al Conocimiento de la Sociedad y el Estado<\/td><td class=\"has-text-align-left\" data-align=\"left\">Introducci\u00f3n al Conocimiento de la Sociedad y el Estado<\/td><\/tr><tr><td class=\"has-text-align-left\" data-align=\"left\">Introducci\u00f3n al Pensamiento Cient\u00edfico<\/td><td class=\"has-text-align-left\" data-align=\"left\">Introducci\u00f3n al Pensamiento Cient\u00edfico<\/td><\/tr><tr><td class=\"has-text-align-left\" data-align=\"left\">An\u00e1lisis Matem\u00e1tico<\/td><td class=\"has-text-align-left\" data-align=\"left\">An\u00e1lisis Matem\u00e1tico A<\/td><\/tr><tr><td class=\"has-text-align-left\" data-align=\"left\">\u00c1lgebra<\/td><td class=\"has-text-align-left\" data-align=\"left\">\u00c1lgebra<\/td><\/tr><tr><td class=\"has-text-align-left\" data-align=\"left\">Qu\u00edmica<\/td><td class=\"has-text-align-left\" data-align=\"left\">Qu\u00edmica<\/td><\/tr><tr><td class=\"has-text-align-left\" data-align=\"left\">F\u00edsica<\/td><td class=\"has-text-align-left\" data-align=\"left\">F\u00edsica<\/td><\/tr><tr><td class=\"has-text-align-left\" data-align=\"left\">F\u00edsica 1<\/td><td class=\"has-text-align-left\" data-align=\"left\">F\u00edsica 1<\/td><\/tr><tr><td class=\"has-text-align-left\" data-align=\"left\">F\u00edsica 2<\/td><td class=\"has-text-align-left\" data-align=\"left\">F\u00edsica 2<\/td><\/tr><tr><td class=\"has-text-align-left\" data-align=\"left\">F\u00edsica 3<\/td><td class=\"has-text-align-left\" data-align=\"left\">F\u00edsica 3<\/td><\/tr><tr><td class=\"has-text-align-left\" data-align=\"left\">F\u00edsica 4<\/td><td class=\"has-text-align-left\" data-align=\"left\">F\u00edsica 4<\/td><\/tr><tr><td class=\"has-text-align-left\" data-align=\"left\">Laboratorio 1<\/td><td class=\"has-text-align-left\" data-align=\"left\">Laboratorio 1<\/td><\/tr><tr><td class=\"has-text-align-left\" data-align=\"left\">Laboratorio 2<\/td><td class=\"has-text-align-left\" data-align=\"left\">Laboratorio 2<\/td><\/tr><tr><td class=\"has-text-align-left\" data-align=\"left\">Laboratorio 3<\/td><td class=\"has-text-align-left\" data-align=\"left\">Laboratorio 3<\/td><\/tr><tr><td class=\"has-text-align-left\" data-align=\"left\">Laboratorio 4<\/td><td class=\"has-text-align-left\" data-align=\"left\">Laboratorio 4<\/td><\/tr><tr><td class=\"has-text-align-left\" data-align=\"left\">Laboratorio 5<\/td><td class=\"has-text-align-left\" data-align=\"left\">Laboratorio 5<\/td><\/tr><tr><td class=\"has-text-align-left\" data-align=\"left\">Laboratorio 6<\/td><td class=\"has-text-align-left\" data-align=\"left\">Laboratorio 6<\/td><\/tr><tr><td class=\"has-text-align-left\" data-align=\"left\">Mec\u00e1nica Cl\u00e1sica<\/td><td class=\"has-text-align-left\" data-align=\"left\">Mec\u00e1nica Cl\u00e1sica<\/td><\/tr><tr><td class=\"has-text-align-left\" data-align=\"left\">F\u00edsica Te\u00f3rica 1<\/td><td class=\"has-text-align-left\" data-align=\"left\">Electrodin\u00e1mica<\/td><\/tr><tr><td class=\"has-text-align-left\" data-align=\"left\">F\u00edsica Te\u00f3rica 2<\/td><td class=\"has-text-align-left\" data-align=\"left\">Mec\u00e1nica Cu\u00e1ntica<\/td><\/tr><tr><td class=\"has-text-align-left\" data-align=\"left\">F\u00edsica Te\u00f3rica 3<\/td><td class=\"has-text-align-left\" data-align=\"left\">Mec\u00e1nica Estad\u00edstica<\/td><\/tr><tr><td class=\"has-text-align-left\" data-align=\"left\">Estructura de la materia 1<\/td><td class=\"has-text-align-left\" data-align=\"left\">F\u00edsica de Fluidos<\/td><\/tr><tr><td class=\"has-text-align-left\" data-align=\"left\">Estructura de la materia 2<\/td><td class=\"has-text-align-left\" data-align=\"left\">F\u00edsica del S\u00f3lido<\/td><\/tr><tr><td class=\"has-text-align-left\" data-align=\"left\">Estructura de la materia 3<\/td><td class=\"has-text-align-left\" data-align=\"left\">F\u00edsica At\u00f3mica y Molecular<\/td><\/tr><tr><td class=\"has-text-align-left\" data-align=\"left\">Estructura de la materia 4<\/td><td class=\"has-text-align-left\" data-align=\"left\">F\u00edsica de Interacciones Fundamentales<\/td><\/tr><tr><td class=\"has-text-align-left\" data-align=\"left\">Matem\u00e1tica 1<\/td><td class=\"has-text-align-left\" data-align=\"left\">An\u00e1lisis 1<\/td><\/tr><tr><td class=\"has-text-align-left\" data-align=\"left\">Matem\u00e1tica 3<\/td><td class=\"has-text-align-left\" data-align=\"left\">An\u00e1lisis 2<\/td><\/tr><tr><td class=\"has-text-align-left\" data-align=\"left\">Matem\u00e1tica 4<\/td><td class=\"has-text-align-left\" data-align=\"left\">An\u00e1lisis 3<\/td><\/tr><tr><td class=\"has-text-align-left\" data-align=\"left\">Matem\u00e1tica 2 y<br>C\u00e1lculo Num\u00e9rico<\/td><td class=\"has-text-align-left\" data-align=\"left\">Matem\u00e1tica Aplicada 1 y<br>Matem\u00e1tica Aplicada 2<\/td><\/tr><tr><td class=\"has-text-align-left\" data-align=\"left\">Laboratorio 7<\/td><td class=\"has-text-align-left\" data-align=\"left\">Se considerar\u00e1 como una materia<br>optativa de 96 horas<\/td><\/tr><tr><td class=\"has-text-align-left\" data-align=\"left\">Tesis de Licenciatura<\/td><td class=\"has-text-align-left\" data-align=\"left\">Tesis de Licenciatura<\/td><\/tr><\/tbody><\/table><\/figure>\n\n\n\n<p>Se otorgar\u00e1 equivalencias entre asignaturas optativas del Plan de Estudios 1987 y del Plan de Estudios 2026, conforme al siguiente cuadro:<br><\/p>\n\n\n\n<figure class=\"wp-block-table\"><table class=\"has-fixed-layout\"><tbody><tr><td class=\"has-text-align-center\" data-align=\"center\"><strong>Puntaje (*) como optativa en el<\/strong> <strong>Plan de Estudios 1987<\/strong><\/td><td class=\"has-text-align-center\" data-align=\"center\"><strong>Horas como optativa en el<\/strong> <strong>Plan de Estudios 2026<\/strong><\/td><\/tr><tr><td class=\"has-text-align-center\" data-align=\"center\">1<\/td><td class=\"has-text-align-center\" data-align=\"center\">20<\/td><\/tr><tr><td class=\"has-text-align-center\" data-align=\"center\">2<\/td><td class=\"has-text-align-center\" data-align=\"center\">40<\/td><\/tr><tr><td class=\"has-text-align-center\" data-align=\"center\">3<\/td><td class=\"has-text-align-center\" data-align=\"center\">64<\/td><\/tr><tr><td class=\"has-text-align-center\" data-align=\"center\">4<\/td><td class=\"has-text-align-center\" data-align=\"center\">80<\/td><\/tr><tr><td class=\"has-text-align-center\" data-align=\"center\">5 o m\u00e1s<\/td><td class=\"has-text-align-center\" data-align=\"center\">96<\/td><\/tr><\/tbody><\/table><\/figure>\n\n\n\n<figure class=\"wp-block-table\"><table class=\"has-fixed-layout\"><tbody><tr><td colspan=\"2\"><em>(*) Cuando el puntaje sea fraccional se redondear\u00e1 hacia arriba<\/em><\/td><\/tr><\/tbody><\/table><\/figure>\n\n\n\n<p><\/p>\n","protected":false},"excerpt":{"rendered":"<p>El nuevo Plan de estudios de la carrera entrar\u00e1 en vigencia en 2026 Duraci\u00f3n: cinco a\u00f1os y medio. Carga horaria [&hellip;]<\/p>\n","protected":false},"author":1,"featured_media":0,"parent":0,"menu_order":0,"comment_status":"closed","ping_status":"closed","template":"","meta":{"site-sidebar-layout":"default","site-content-layout":"","ast-site-content-layout":"default","site-content-style":"default","site-sidebar-style":"default","ast-global-header-display":"","ast-banner-title-visibility":"","ast-main-header-display":"","ast-hfb-above-header-display":"","ast-hfb-below-header-display":"","ast-hfb-mobile-header-display":"","site-post-title":"","ast-breadcrumbs-content":"","ast-featured-img":"","footer-sml-layout":"","ast-disable-related-posts":"","theme-transparent-header-meta":"","adv-header-id-meta":"","stick-header-meta":"","header-above-stick-meta":"","header-main-stick-meta":"","header-below-stick-meta":"","astra-migrate-meta-layouts":"default","ast-page-background-enabled":"default","ast-page-background-meta":{"desktop":{"background-color":"var(--ast-global-color-5)","background-image":"","background-repeat":"repeat","background-position":"center center","background-size":"auto","background-attachment":"scroll","background-type":"","background-media":"","overlay-type":"","overlay-color":"","overlay-opacity":"","overlay-gradient":""},"tablet":{"background-color":"","background-image":"","background-repeat":"repeat","background-position":"center center","background-size":"auto","background-attachment":"scroll","background-type":"","background-media":"","overlay-type":"","overlay-color":"","overlay-opacity":"","overlay-gradient":""},"mobile":{"background-color":"","background-image":"","background-repeat":"repeat","background-position":"center center","background-size":"auto","background-attachment":"scroll","background-type":"","background-media":"","overlay-type":"","overlay-color":"","overlay-opacity":"","overlay-gradient":""}},"ast-content-background-meta":{"desktop":{"background-color":"var(--ast-global-color-4)","background-image":"","background-repeat":"repeat","background-position":"center center","background-size":"auto","background-attachment":"scroll","background-type":"","background-media":"","overlay-type":"","overlay-color":"","overlay-opacity":"","overlay-gradient":""},"tablet":{"background-color":"var(--ast-global-color-4)","background-image":"","background-repeat":"repeat","background-position":"center center","background-size":"auto","background-attachment":"scroll","background-type":"","background-media":"","overlay-type":"","overlay-color":"","overlay-opacity":"","overlay-gradient":""},"mobile":{"background-color":"var(--ast-global-color-4)","background-image":"","background-repeat":"repeat","background-position":"center center","background-size":"auto","background-attachment":"scroll","background-type":"","background-media":"","overlay-type":"","overlay-color":"","overlay-opacity":"","overlay-gradient":""}},"footnotes":""},"class_list":["post-47","page","type-page","status-publish","hentry"],"_links":{"self":[{"href":"https:\/\/carrera.df.uba.ar\/index.php?rest_route=\/wp\/v2\/pages\/47","targetHints":{"allow":["GET"]}}],"collection":[{"href":"https:\/\/carrera.df.uba.ar\/index.php?rest_route=\/wp\/v2\/pages"}],"about":[{"href":"https:\/\/carrera.df.uba.ar\/index.php?rest_route=\/wp\/v2\/types\/page"}],"author":[{"embeddable":true,"href":"https:\/\/carrera.df.uba.ar\/index.php?rest_route=\/wp\/v2\/users\/1"}],"replies":[{"embeddable":true,"href":"https:\/\/carrera.df.uba.ar\/index.php?rest_route=%2Fwp%2Fv2%2Fcomments&post=47"}],"version-history":[{"count":48,"href":"https:\/\/carrera.df.uba.ar\/index.php?rest_route=\/wp\/v2\/pages\/47\/revisions"}],"predecessor-version":[{"id":224,"href":"https:\/\/carrera.df.uba.ar\/index.php?rest_route=\/wp\/v2\/pages\/47\/revisions\/224"}],"wp:attachment":[{"href":"https:\/\/carrera.df.uba.ar\/index.php?rest_route=%2Fwp%2Fv2%2Fmedia&parent=47"}],"curies":[{"name":"wp","href":"https:\/\/api.w.org\/{rel}","templated":true}]}}