{"id":60,"date":"2025-10-14T17:24:11","date_gmt":"2025-10-14T17:24:11","guid":{"rendered":"https:\/\/carrera.df.uba.ar\/?page_id=60"},"modified":"2025-10-14T18:28:41","modified_gmt":"2025-10-14T18:28:41","slug":"perfil-de-graduados","status":"publish","type":"page","link":"https:\/\/carrera.df.uba.ar\/?page_id=60","title":{"rendered":"Perfil de graduados"},"content":{"rendered":"\n<p style=\"padding-right:var(--wp--preset--spacing--50);padding-left:var(--wp--preset--spacing--50)\"><strong>Perfil del Licenciado\/a en Ciencias F\u00edsicas<br><\/strong>El\/la Licenciado\/a en Ciencias F\u00edsicas es un\/a profesional con formaci\u00f3n cient\u00edfica rigurosa y actualizada, capaz de participar activamente en grupos de investigaci\u00f3n disciplinares y transdisciplinares, contribuyendo a la generaci\u00f3n de conocimientos originales y a la resoluci\u00f3n de problemas complejos que abarcan fen\u00f3menos desde la escala subat\u00f3mica hasta los sistemas de gran escala en el Universo.<br>Est\u00e1 preparado\/a para desempe\u00f1arse en el \u00e1mbito de la investigaci\u00f3n b\u00e1sica y aplicada, el desarrollo tecnol\u00f3gico, y la prestaci\u00f3n de servicios especializados vinculados a sistemas y variables f\u00edsicas, con el objetivo de optimizar procesos productivos y contribuir al bienestar de la sociedad.<br>Su formaci\u00f3n abarca con solidez las \u00e1reas de matem\u00e1tica, estad\u00edstica y modelado, f\u00edsica cl\u00e1sica y moderna, f\u00edsica te\u00f3rica, estados de la materia y t\u00e9cnicas de la f\u00edsica experimental. Esta base se complementa con la profundizaci\u00f3n en un \u00e1rea espec\u00edfica de la disciplina y con una primera experiencia en investigaci\u00f3n cient\u00edfica.<br>El perfil profesional alcanzado le permite desarrollarse en diversos \u00e1mbitos como la investigaci\u00f3n cient\u00edfica, la industria, la tecnolog\u00eda y la docencia universitaria, as\u00ed como tambi\u00e9n acceder a estudios de posgrado y programas de becas que requieren una carrera de grado de al menos cinco (5) a\u00f1os de duraci\u00f3n y formaci\u00f3n en investigaci\u00f3n cient\u00edfica.<\/p>\n\n\n\n<p style=\"padding-right:var(--wp--preset--spacing--50);padding-left:var(--wp--preset--spacing--50)\"><strong>Perfil del Bachiller Universitario\/a en Ciencias F\u00edsicas<br><\/strong>El t\u00edtulo de Bachiller Universitario en Ciencias F\u00edsicas reconoce una formaci\u00f3n acad\u00e9mica s\u00f3lida en f\u00edsica cl\u00e1sica y moderna, matem\u00e1ticas, estad\u00edstica, modelado y t\u00e9cnicas de la f\u00edsica experimental. Este t\u00edtulo acredita competencias que permiten al\/a la egresado\/a integrarse a equipos de trabajo en laboratorios de investigaci\u00f3n<br>b\u00e1sica y aplicada, as\u00ed como colaborar en el \u00e1mbito industrial y productivo. El\/la bachiller est\u00e1 capacitado\/a para asistir en tareas de modelado, control de calidad, operaci\u00f3n de equipos y adaptaci\u00f3n de tecnolog\u00edas, bajo la supervisi\u00f3n de profesionales como ingenieros\/as o licenciados\/as en f\u00edsica.<\/p>\n\n\n\n<p style=\"padding-right:var(--wp--preset--spacing--50);padding-left:var(--wp--preset--spacing--50)\"><strong>Alcances del Licenciado\/a en Ciencias F\u00edsicas<\/strong><br>El t\u00edtulo de Licenciado\/a en Ciencias F\u00edsicas habilita para actuar profesionalmente en forma independiente o en relaci\u00f3n de dependencia. El\/La egresado\/a que posea este t\u00edtulo puede:<br><br>a. Elaborar, dirigir, coordinar, ejecutar, y evaluar proyectos de investigaci\u00f3n y\/o desarrollo, ya sean te\u00f3ricos o experimentales, en temas de f\u00edsica pura y aplicada o interdisciplinarios con la f\u00edsica.<br><br>b. Dise\u00f1ar, dirigir, ejecutar y\/o asesorar proyectos de desarrollo tecnol\u00f3gico (originales o de adaptaci\u00f3n) o de modelado y an\u00e1lisis de datos, relacionados con procesos f\u00edsicos o que utilicen herramientas proporcionadas por las ciencias f\u00edsicas.<br><br>c. Dise\u00f1ar, dirigir, ejecutar, controlar, y evaluar proyectos de desarrollo, mejoramiento, adaptaci\u00f3n y optimizaci\u00f3n de m\u00e9todos de medici\u00f3n, ensayo, an\u00e1lisis e interpretaci\u00f3n de resultados, aplicables a cualquier \u00e1rea donde se encuentren involucrados procesos f\u00edsicos o donde las herramientas de la f\u00edsica<br>resulten pertinentes.<br><br>d. Proyectar, instalar, operar y dirigir laboratorios de ensayos, procesos, e industrializaci\u00f3n de procesos f\u00edsicos.<br><br>e. Realizar arbitrajes, pericias y tasaciones en donde intervengan procesos f\u00edsicos.<br><br>f. Desarrollar, dise\u00f1ar, ejecutar, controlar, mantener, reparar, modificar e inspeccionar programas y\/o sistemas de c\u00e1lculo relacionados con fen\u00f3menos f\u00edsicos, o que utilicen herramientas de las ciencias f\u00edsicas.<br><br>g. Asesorar a instituciones educativas, tanto p\u00fablicas como privadas, respecto a los contenidos curriculares relacionados a temas de f\u00edsica en los diferentes niveles de formaci\u00f3n.<br><br>h. Desempe\u00f1ar la docencia en la ense\u00f1anza universitaria y capacitar recursos humanos en las distintas tem\u00e1ticas de las ciencias f\u00edsicas.<br><br><strong>Alcances del Bachiller Universitario\/a en Ciencias F\u00edsicas<\/strong><br>Las personas que obtengan el t\u00edtulo de Bachiller Universitario\/a en Ciencias F\u00edsicas cuentan con conocimientos b\u00e1sicos sobre distintas disciplinas propias de la f\u00edsica cl\u00e1sica y moderna, as\u00ed como tambi\u00e9n en t\u00e9cnicas de laboratorio de f\u00edsica, computaci\u00f3n y electr\u00f3nica, lo que les permite:<\/p>\n\n\n\n<ol class=\"wp-block-list\">\n<li>Colaborar como auxiliar en laboratorios de docencia, investigaci\u00f3n o desarrollo tecnol\u00f3gico.<\/li>\n\n\n\n<li>Participar en tareas de an\u00e1lisis de datos y modelado computacional, en el marco de proyectos cient\u00edficos, tecnol\u00f3gicos o productivos.<\/li>\n\n\n\n<li>Asistir en el desarrollo y aplicaci\u00f3n de t\u00e9cnicas de c\u00e1lculo num\u00e9rico vinculadas a problemas f\u00edsicos y\/o industriales.<\/li>\n\n\n\n<li>Brindar soporte en el uso de herramientas inform\u00e1ticas aplicadas a la experimentaci\u00f3n y la simulaci\u00f3n en laboratorios y grupos de investigaci\u00f3n.<\/li>\n\n\n\n<li>Operar equipamiento cient\u00edfico y tecnol\u00f3gico bajo supervisi\u00f3n, tanto en entornos acad\u00e9micos como industriales.<\/li>\n\n\n\n<li>Contribuir a procesos de control de calidad, siguiendo protocolos establecidos. Intervenir en tareas de calibraci\u00f3n de equipos de laboratorio o industriales, bajo supervisi\u00f3n t\u00e9cnica adecuada.<\/li>\n\n\n\n<li>Participar en procesos de adaptaci\u00f3n e implementaci\u00f3n de tecnolog\u00edas en contextos productivos o experimentales.<\/li>\n\n\n\n<li>Asistir a profesionales habilitados\/as, como ingenieros\/as o licenciados\/as en f\u00edsica, en el desarrollo de actividades t\u00e9cnicas vinculadas a la f\u00edsica y disciplinas afines.<\/li>\n<\/ol>\n","protected":false},"excerpt":{"rendered":"<p>Perfil del Licenciado\/a en Ciencias F\u00edsicasEl\/la Licenciado\/a en Ciencias F\u00edsicas es un\/a profesional con formaci\u00f3n cient\u00edfica rigurosa y actualizada, capaz [&hellip;]<\/p>\n","protected":false},"author":1,"featured_media":0,"parent":0,"menu_order":0,"comment_status":"closed","ping_status":"closed","template":"","meta":{"site-sidebar-layout":"default","site-content-layout":"","ast-site-content-layout":"default","site-content-style":"default","site-sidebar-style":"default","ast-global-header-display":"","ast-banner-title-visibility":"","ast-main-header-display":"","ast-hfb-above-header-display":"","ast-hfb-below-header-display":"","ast-hfb-mobile-header-display":"","site-post-title":"","ast-breadcrumbs-content":"","ast-featured-img":"","footer-sml-layout":"","ast-disable-related-posts":"","theme-transparent-header-meta":"","adv-header-id-meta":"","stick-header-meta":"","header-above-stick-meta":"","header-main-stick-meta":"","header-below-stick-meta":"","astra-migrate-meta-layouts":"default","ast-page-background-enabled":"default","ast-page-background-meta":{"desktop":{"background-color":"var(--ast-global-color-5)","background-image":"","background-repeat":"repeat","background-position":"center center","background-size":"auto","background-attachment":"scroll","background-type":"","background-media":"","overlay-type":"","overlay-color":"","overlay-opacity":"","overlay-gradient":""},"tablet":{"background-color":"","background-image":"","background-repeat":"repeat","background-position":"center center","background-size":"auto","background-attachment":"scroll","background-type":"","background-media":"","overlay-type":"","overlay-color":"","overlay-opacity":"","overlay-gradient":""},"mobile":{"background-color":"","background-image":"","background-repeat":"repeat","background-position":"center center","background-size":"auto","background-attachment":"scroll","background-type":"","background-media":"","overlay-type":"","overlay-color":"","overlay-opacity":"","overlay-gradient":""}},"ast-content-background-meta":{"desktop":{"background-color":"var(--ast-global-color-4)","background-image":"","background-repeat":"repeat","background-position":"center center","background-size":"auto","background-attachment":"scroll","background-type":"","background-media":"","overlay-type":"","overlay-color":"","overlay-opacity":"","overlay-gradient":""},"tablet":{"background-color":"var(--ast-global-color-4)","background-image":"","background-repeat":"repeat","background-position":"center center","background-size":"auto","background-attachment":"scroll","background-type":"","background-media":"","overlay-type":"","overlay-color":"","overlay-opacity":"","overlay-gradient":""},"mobile":{"background-color":"var(--ast-global-color-4)","background-image":"","background-repeat":"repeat","background-position":"center center","background-size":"auto","background-attachment":"scroll","background-type":"","background-media":"","overlay-type":"","overlay-color":"","overlay-opacity":"","overlay-gradient":""}},"footnotes":""},"class_list":["post-60","page","type-page","status-publish","hentry"],"_links":{"self":[{"href":"https:\/\/carrera.df.uba.ar\/index.php?rest_route=\/wp\/v2\/pages\/60","targetHints":{"allow":["GET"]}}],"collection":[{"href":"https:\/\/carrera.df.uba.ar\/index.php?rest_route=\/wp\/v2\/pages"}],"about":[{"href":"https:\/\/carrera.df.uba.ar\/index.php?rest_route=\/wp\/v2\/types\/page"}],"author":[{"embeddable":true,"href":"https:\/\/carrera.df.uba.ar\/index.php?rest_route=\/wp\/v2\/users\/1"}],"replies":[{"embeddable":true,"href":"https:\/\/carrera.df.uba.ar\/index.php?rest_route=%2Fwp%2Fv2%2Fcomments&post=60"}],"version-history":[{"count":5,"href":"https:\/\/carrera.df.uba.ar\/index.php?rest_route=\/wp\/v2\/pages\/60\/revisions"}],"predecessor-version":[{"id":75,"href":"https:\/\/carrera.df.uba.ar\/index.php?rest_route=\/wp\/v2\/pages\/60\/revisions\/75"}],"wp:attachment":[{"href":"https:\/\/carrera.df.uba.ar\/index.php?rest_route=%2Fwp%2Fv2%2Fmedia&parent=60"}],"curies":[{"name":"wp","href":"https:\/\/api.w.org\/{rel}","templated":true}]}}